{"id":1687,"date":"2022-03-17T11:37:05","date_gmt":"2022-03-17T10:37:05","guid":{"rendered":"https:\/\/leshallesduvendredi.fermedesarnaud.com\/?page_id=1687"},"modified":"2022-03-29T08:22:42","modified_gmt":"2022-03-29T06:22:42","slug":"mentions-legales","status":"publish","type":"page","link":"http:\/\/leshallesduvendredi.fermedesarnaud.com\/?page_id=1687","title":{"rendered":"Mentions l\u00e9gales"},"content":{"rendered":"\n<p><br>1.1&nbsp;Site (ci-apr\u00e8s \u00ab&nbsp;le site&nbsp;\u00bb)&nbsp;:&nbsp;<\/p>\n\n\n\n<p>leshallesduvendredi.fermedesarnaud.com<\/p>\n\n\n\n<p>1.2&nbsp;\u00c9diteur (ci-apr\u00e8s \u00ab&nbsp;l\u2019\u00e9diteur&nbsp;\u00bb)&nbsp;:&nbsp;<\/p>\n\n\n\n<p>SARL JE\u2019DIS VIN EVENTS au capital de 1000,00\u20ac<\/p>\n\n\n\n<p>dont le si\u00e8ge social est situ\u00e9 :1001 Route de Roaix 84110 Villedieu<\/p>\n\n\n\n<p>repr\u00e9sent\u00e9e par&nbsp;Martial ARNAUD, en sa qualit\u00e9 de&nbsp;G\u00e9rant<\/p>\n\n\n\n<p>immatricul\u00e9e au RCS de\u00a0Avignon 849525399<\/p>\n\n\n\n<p>n\u00b0 de t\u00e9l\u00e9phone&nbsp;:&nbsp;0490415647<\/p>\n\n\n\n<p>1.3&nbsp;H\u00e9bergeur (ci-apr\u00e8s \u00ab l\u2019h\u00e9bergeur \u00bb)&nbsp;:&nbsp;<\/p>\n\n\n\n<p>leshallesduvendredi.fermedesarnaud.com&nbsp;est h\u00e9berg\u00e9 par&nbsp;OVH SAS, dont le si\u00e8ge social est situ\u00e9&nbsp; 2 rue Kellermann &nbsp;59100 Roubaix \u2013 France.<\/p>\n","protected":false},"excerpt":{"rendered":"<p>1.1&nbsp;Site (ci-apr\u00e8s \u00ab&nbsp;le site&nbsp;\u00bb)&nbsp;:&nbsp; leshallesduvendredi.fermedesarnaud.com 1.2&nbsp;\u00c9diteur (ci-apr\u00e8s \u00ab&nbsp;l\u2019\u00e9diteur&nbsp;\u00bb)&nbsp;:&nbsp; SARL JE\u2019DIS VIN EVENTS au capital de 1000,00\u20ac dont le si\u00e8ge social est situ\u00e9 :1001 Route de Roaix 84110 Villedieu repr\u00e9sent\u00e9e par&nbsp;Martial ARNAUD, en sa qualit\u00e9 de&nbsp;G\u00e9rant immatricul\u00e9e au RCS de\u00a0Avignon 849525399 n\u00b0 de t\u00e9l\u00e9phone&nbsp;:&nbsp;0490415647 1.3&nbsp;H\u00e9bergeur (ci-apr\u00e8s \u00ab l\u2019h\u00e9bergeur \u00bb)&nbsp;:&nbsp; leshallesduvendredi.fermedesarnaud.com&nbsp;est h\u00e9berg\u00e9 par&nbsp;OVH SAS, dont le si\u00e8ge [&hellip;]<\/p>\n","protected":false},"author":1,"featured_media":0,"parent":0,"menu_order":0,"comment_status":"closed","ping_status":"closed","template":"","meta":[],"_links":{"self":[{"href":"http:\/\/leshallesduvendredi.fermedesarnaud.com\/index.php?rest_route=\/wp\/v2\/pages\/1687"}],"collection":[{"href":"http:\/\/leshallesduvendredi.fermedesarnaud.com\/index.php?rest_route=\/wp\/v2\/pages"}],"about":[{"href":"http:\/\/leshallesduvendredi.fermedesarnaud.com\/index.php?rest_route=\/wp\/v2\/types\/page"}],"author":[{"embeddable":true,"href":"http:\/\/leshallesduvendredi.fermedesarnaud.com\/index.php?rest_route=\/wp\/v2\/users\/1"}],"replies":[{"embeddable":true,"href":"http:\/\/leshallesduvendredi.fermedesarnaud.com\/index.php?rest_route=%2Fwp%2Fv2%2Fcomments&post=1687"}],"version-history":[{"count":2,"href":"http:\/\/leshallesduvendredi.fermedesarnaud.com\/index.php?rest_route=\/wp\/v2\/pages\/1687\/revisions"}],"predecessor-version":[{"id":1726,"href":"http:\/\/leshallesduvendredi.fermedesarnaud.com\/index.php?rest_route=\/wp\/v2\/pages\/1687\/revisions\/1726"}],"wp:attachment":[{"href":"http:\/\/leshallesduvendredi.fermedesarnaud.com\/index.php?rest_route=%2Fwp%2Fv2%2Fmedia&parent=1687"}],"curies":[{"name":"wp","href":"https:\/\/api.w.org\/{rel}","templated":true}]}}