{"id":1064,"date":"2021-03-21T08:44:07","date_gmt":"2021-03-21T07:44:07","guid":{"rendered":"https:\/\/leshallesduvendredi.fermedesarnaud.com\/?post_type=product&#038;p=1064"},"modified":"2021-11-12T08:52:24","modified_gmt":"2021-11-12T07:52:24","slug":"biere-noir-x-6-bouteille-de-33cl","status":"publish","type":"product","link":"http:\/\/leshallesduvendredi.fermedesarnaud.com\/?product=biere-noir-x-6-bouteille-de-33cl","title":{"rendered":"Bi\u00e8re noire x 6 bouteilles de 33cl"},"content":{"rendered":"","protected":false},"excerpt":{"rendered":"<p>Bi\u00e8re noire de type stout, la black malt est brass\u00e9e \u00e0 partir de malts<br \/>\ntorr\u00e9fi\u00e9s qui lui conf\u00e8rent cette couleur sombre et intense et ses<br \/>\nar\u00f4mes grill\u00e9s.<\/p>\n<p>La bouche est \u00e9quilibr\u00e9e, tr\u00e8s ronde tout en gardant une belle<br \/>\nfra\u00eecheur, agr\u00e9ment\u00e9e d&rsquo;une amertume d\u00e9salt\u00e9rante.<\/p>\n","protected":false},"featured_media":1063,"template":"","meta":[],"product_cat":[21],"product_tag":[],"_links":{"self":[{"href":"http:\/\/leshallesduvendredi.fermedesarnaud.com\/index.php?rest_route=\/wp\/v2\/product\/1064"}],"collection":[{"href":"http:\/\/leshallesduvendredi.fermedesarnaud.com\/index.php?rest_route=\/wp\/v2\/product"}],"about":[{"href":"http:\/\/leshallesduvendredi.fermedesarnaud.com\/index.php?rest_route=\/wp\/v2\/types\/product"}],"wp:featuredmedia":[{"embeddable":true,"href":"http:\/\/leshallesduvendredi.fermedesarnaud.com\/index.php?rest_route=\/wp\/v2\/media\/1063"}],"wp:attachment":[{"href":"http:\/\/leshallesduvendredi.fermedesarnaud.com\/index.php?rest_route=%2Fwp%2Fv2%2Fmedia&parent=1064"}],"wp:term":[{"taxonomy":"product_cat","embeddable":true,"href":"http:\/\/leshallesduvendredi.fermedesarnaud.com\/index.php?rest_route=%2Fwp%2Fv2%2Fproduct_cat&post=1064"},{"taxonomy":"product_tag","embeddable":true,"href":"http:\/\/leshallesduvendredi.fermedesarnaud.com\/index.php?rest_route=%2Fwp%2Fv2%2Fproduct_tag&post=1064"}],"curies":[{"name":"wp","href":"https:\/\/api.w.org\/{rel}","templated":true}]}}