{"id":118,"date":"2020-11-05T00:22:56","date_gmt":"2020-11-04T23:22:56","guid":{"rendered":"http:\/\/ventedirecte.fermedesarnaud.com\/?post_type=product&#038;p=118"},"modified":"2022-03-19T18:27:54","modified_gmt":"2022-03-19T17:27:54","slug":"ail-persil","status":"publish","type":"product","link":"http:\/\/leshallesduvendredi.fermedesarnaud.com\/?product=ail-persil","title":{"rendered":"Ail persil"},"content":{"rendered":"<p>Pot de 90 grammes.<\/p>\n","protected":false},"excerpt":{"rendered":"<p>Sp\u00e9cialit\u00e9 ap\u00e9ritive d&rsquo;escargots le d&rsquo;helix \u00e0 toaster ail persil<\/p>\n<p>Ingr\u00e9dients : Chair d&rsquo;H\u00e9lix Aspersa, beurre, pomme de terre, ail, persil, \u00e9chalotes, sel, poivre.<\/p>\n<p><ins><strong>Id\u00e9e d\u00e9gustation\u00a0<\/strong><\/ins>: \u00c9tonnez vos amis ! A servir chaud sur des toasts \u00e0 l&rsquo;ap\u00e9ritif !<\/p>\n<p>Accompagn\u00e9 de notre ros\u00e9 ou avec une bi\u00e8re<\/p>\n","protected":false},"featured_media":119,"template":"","meta":[],"product_cat":[22],"product_tag":[],"_links":{"self":[{"href":"http:\/\/leshallesduvendredi.fermedesarnaud.com\/index.php?rest_route=\/wp\/v2\/product\/118"}],"collection":[{"href":"http:\/\/leshallesduvendredi.fermedesarnaud.com\/index.php?rest_route=\/wp\/v2\/product"}],"about":[{"href":"http:\/\/leshallesduvendredi.fermedesarnaud.com\/index.php?rest_route=\/wp\/v2\/types\/product"}],"wp:featuredmedia":[{"embeddable":true,"href":"http:\/\/leshallesduvendredi.fermedesarnaud.com\/index.php?rest_route=\/wp\/v2\/media\/119"}],"wp:attachment":[{"href":"http:\/\/leshallesduvendredi.fermedesarnaud.com\/index.php?rest_route=%2Fwp%2Fv2%2Fmedia&parent=118"}],"wp:term":[{"taxonomy":"product_cat","embeddable":true,"href":"http:\/\/leshallesduvendredi.fermedesarnaud.com\/index.php?rest_route=%2Fwp%2Fv2%2Fproduct_cat&post=118"},{"taxonomy":"product_tag","embeddable":true,"href":"http:\/\/leshallesduvendredi.fermedesarnaud.com\/index.php?rest_route=%2Fwp%2Fv2%2Fproduct_tag&post=118"}],"curies":[{"name":"wp","href":"https:\/\/api.w.org\/{rel}","templated":true}]}}