{"id":1207,"date":"2021-04-24T22:11:32","date_gmt":"2021-04-24T20:11:32","guid":{"rendered":"https:\/\/leshallesduvendredi.fermedesarnaud.com\/?post_type=product&#038;p=1207"},"modified":"2022-12-19T13:47:14","modified_gmt":"2022-12-19T12:47:14","slug":"tomme-boudanne-250g","status":"publish","type":"product","link":"http:\/\/leshallesduvendredi.fermedesarnaud.com\/?product=tomme-boudanne-250g","title":{"rendered":"Tomme Boudanne &#8211; 250g"},"content":{"rendered":"","protected":false},"excerpt":{"rendered":"<p>Grosse tomme du Savoie au lait cru.<\/p>\n<p>Belle saveur lact\u00e9e et bien \u00e9quilibr\u00e9e.<\/p>\n","protected":false},"featured_media":1209,"template":"","meta":[],"product_cat":[41],"product_tag":[],"_links":{"self":[{"href":"http:\/\/leshallesduvendredi.fermedesarnaud.com\/index.php?rest_route=\/wp\/v2\/product\/1207"}],"collection":[{"href":"http:\/\/leshallesduvendredi.fermedesarnaud.com\/index.php?rest_route=\/wp\/v2\/product"}],"about":[{"href":"http:\/\/leshallesduvendredi.fermedesarnaud.com\/index.php?rest_route=\/wp\/v2\/types\/product"}],"wp:featuredmedia":[{"embeddable":true,"href":"http:\/\/leshallesduvendredi.fermedesarnaud.com\/index.php?rest_route=\/wp\/v2\/media\/1209"}],"wp:attachment":[{"href":"http:\/\/leshallesduvendredi.fermedesarnaud.com\/index.php?rest_route=%2Fwp%2Fv2%2Fmedia&parent=1207"}],"wp:term":[{"taxonomy":"product_cat","embeddable":true,"href":"http:\/\/leshallesduvendredi.fermedesarnaud.com\/index.php?rest_route=%2Fwp%2Fv2%2Fproduct_cat&post=1207"},{"taxonomy":"product_tag","embeddable":true,"href":"http:\/\/leshallesduvendredi.fermedesarnaud.com\/index.php?rest_route=%2Fwp%2Fv2%2Fproduct_tag&post=1207"}],"curies":[{"name":"wp","href":"https:\/\/api.w.org\/{rel}","templated":true}]}}