{"id":133,"date":"2020-11-05T11:29:44","date_gmt":"2020-11-05T10:29:44","guid":{"rendered":"http:\/\/ventedirecte.fermedesarnaud.com\/?post_type=product&#038;p=133"},"modified":"2021-11-21T19:33:22","modified_gmt":"2021-11-21T18:33:22","slug":"biere-blonde-x12-bouteilles-de-33cl","status":"publish","type":"product","link":"http:\/\/leshallesduvendredi.fermedesarnaud.com\/?product=biere-blonde-x12-bouteilles-de-33cl","title":{"rendered":"Bi\u00e8re blonde x12 bouteilles de 33cl"},"content":{"rendered":"","protected":false},"excerpt":{"rendered":"<p>Bi\u00e8re blonde rafraichissante et l\u00e9g\u00e8re, savoureusement houblonn\u00e9e, la MB blonde est brass\u00e9e \u00e0 partir de deux c\u00e9r\u00e9ales, orge et bl\u00e9.<\/p>\n<p>Deux houblons viennent agr\u00e9menter cette bi\u00e8re, le centennial pour l&rsquo;amertume et le cascade pour la puissance aromatique. Un houblonnage \u00e0 froid accentue la persistance des ar\u00f4mes et conf\u00e8re \u00e0 cette bi\u00e8re ses parfums de fruits exotiques et d&rsquo;agrumes.<br \/>\nLa bulle est fine et l\u00e9g\u00e8re pour une agr\u00e9able sensation en bouche.<\/p>\n","protected":false},"featured_media":156,"template":"","meta":[],"product_cat":[21],"product_tag":[],"_links":{"self":[{"href":"http:\/\/leshallesduvendredi.fermedesarnaud.com\/index.php?rest_route=\/wp\/v2\/product\/133"}],"collection":[{"href":"http:\/\/leshallesduvendredi.fermedesarnaud.com\/index.php?rest_route=\/wp\/v2\/product"}],"about":[{"href":"http:\/\/leshallesduvendredi.fermedesarnaud.com\/index.php?rest_route=\/wp\/v2\/types\/product"}],"wp:featuredmedia":[{"embeddable":true,"href":"http:\/\/leshallesduvendredi.fermedesarnaud.com\/index.php?rest_route=\/wp\/v2\/media\/156"}],"wp:attachment":[{"href":"http:\/\/leshallesduvendredi.fermedesarnaud.com\/index.php?rest_route=%2Fwp%2Fv2%2Fmedia&parent=133"}],"wp:term":[{"taxonomy":"product_cat","embeddable":true,"href":"http:\/\/leshallesduvendredi.fermedesarnaud.com\/index.php?rest_route=%2Fwp%2Fv2%2Fproduct_cat&post=133"},{"taxonomy":"product_tag","embeddable":true,"href":"http:\/\/leshallesduvendredi.fermedesarnaud.com\/index.php?rest_route=%2Fwp%2Fv2%2Fproduct_tag&post=133"}],"curies":[{"name":"wp","href":"https:\/\/api.w.org\/{rel}","templated":true}]}}