{"id":1381,"date":"2021-11-22T22:01:06","date_gmt":"2021-11-22T21:01:06","guid":{"rendered":"https:\/\/leshallesduvendredi.fermedesarnaud.com\/?post_type=product&#038;p=1381"},"modified":"2021-11-22T22:18:18","modified_gmt":"2021-11-22T21:18:18","slug":"la-villadeenne-ipa-x6-bouteilles-de-33cl","status":"publish","type":"product","link":"http:\/\/leshallesduvendredi.fermedesarnaud.com\/?product=la-villadeenne-ipa-x6-bouteilles-de-33cl","title":{"rendered":"La Villad\u00e9enne IPA x6 bouteilles de 33cl"},"content":{"rendered":"","protected":false},"excerpt":{"rendered":"<p>Cette IPA est n\u00e9e de la collaboration in\u00e9dite avec un agriculteur ayant plant\u00e9 du houblon sur ses terres Villad\u00e9ennes. Cette bi\u00e8re fait donc la part belle aux houblons, conf\u00e9rant cette amertume soutenue et son intensit\u00e9 aromatique.<\/p>\n<p>Dot\u00e9e d&rsquo;une robe dor\u00e9e et d&rsquo;une mousse g\u00e9n\u00e9reuse, La Villad\u00e9enne d\u00e9voile un nez expressif aux ar\u00f4mes de fruits exotiques.<\/p>\n<p>La bouche pr\u00e9sente une belle mati\u00e8re marqu\u00e9e par cette amertume typique des IPA tout en conservant un bel \u00e9quilibre.<\/p>\n","protected":false},"featured_media":1379,"template":"","meta":[],"product_cat":[21],"product_tag":[],"_links":{"self":[{"href":"http:\/\/leshallesduvendredi.fermedesarnaud.com\/index.php?rest_route=\/wp\/v2\/product\/1381"}],"collection":[{"href":"http:\/\/leshallesduvendredi.fermedesarnaud.com\/index.php?rest_route=\/wp\/v2\/product"}],"about":[{"href":"http:\/\/leshallesduvendredi.fermedesarnaud.com\/index.php?rest_route=\/wp\/v2\/types\/product"}],"wp:featuredmedia":[{"embeddable":true,"href":"http:\/\/leshallesduvendredi.fermedesarnaud.com\/index.php?rest_route=\/wp\/v2\/media\/1379"}],"wp:attachment":[{"href":"http:\/\/leshallesduvendredi.fermedesarnaud.com\/index.php?rest_route=%2Fwp%2Fv2%2Fmedia&parent=1381"}],"wp:term":[{"taxonomy":"product_cat","embeddable":true,"href":"http:\/\/leshallesduvendredi.fermedesarnaud.com\/index.php?rest_route=%2Fwp%2Fv2%2Fproduct_cat&post=1381"},{"taxonomy":"product_tag","embeddable":true,"href":"http:\/\/leshallesduvendredi.fermedesarnaud.com\/index.php?rest_route=%2Fwp%2Fv2%2Fproduct_tag&post=1381"}],"curies":[{"name":"wp","href":"https:\/\/api.w.org\/{rel}","templated":true}]}}