{"id":141,"date":"2020-11-05T13:56:27","date_gmt":"2020-11-05T12:56:27","guid":{"rendered":"http:\/\/ventedirecte.fermedesarnaud.com\/?post_type=product&#038;p=141"},"modified":"2022-12-05T18:23:36","modified_gmt":"2022-12-05T17:23:36","slug":"chapon","status":"publish","type":"product","link":"http:\/\/leshallesduvendredi.fermedesarnaud.com\/?product=chapon","title":{"rendered":"Chapon &#8211; Pi\u00e8ce de 3,5kg environ &#8211; A r\u00e9server maintenant et \u00e0 retirer le vendredi 23 d\u00e9cembre"},"content":{"rendered":"","protected":false},"excerpt":{"rendered":"<p>Une pi\u00e8ce de 4,5kg convient pour un repas de f\u00eate de 12 personnes environ.<\/p>\n","protected":false},"featured_media":189,"template":"","meta":[],"product_cat":[26],"product_tag":[],"_links":{"self":[{"href":"http:\/\/leshallesduvendredi.fermedesarnaud.com\/index.php?rest_route=\/wp\/v2\/product\/141"}],"collection":[{"href":"http:\/\/leshallesduvendredi.fermedesarnaud.com\/index.php?rest_route=\/wp\/v2\/product"}],"about":[{"href":"http:\/\/leshallesduvendredi.fermedesarnaud.com\/index.php?rest_route=\/wp\/v2\/types\/product"}],"wp:featuredmedia":[{"embeddable":true,"href":"http:\/\/leshallesduvendredi.fermedesarnaud.com\/index.php?rest_route=\/wp\/v2\/media\/189"}],"wp:attachment":[{"href":"http:\/\/leshallesduvendredi.fermedesarnaud.com\/index.php?rest_route=%2Fwp%2Fv2%2Fmedia&parent=141"}],"wp:term":[{"taxonomy":"product_cat","embeddable":true,"href":"http:\/\/leshallesduvendredi.fermedesarnaud.com\/index.php?rest_route=%2Fwp%2Fv2%2Fproduct_cat&post=141"},{"taxonomy":"product_tag","embeddable":true,"href":"http:\/\/leshallesduvendredi.fermedesarnaud.com\/index.php?rest_route=%2Fwp%2Fv2%2Fproduct_tag&post=141"}],"curies":[{"name":"wp","href":"https:\/\/api.w.org\/{rel}","templated":true}]}}