{"id":148,"date":"2020-11-05T21:11:12","date_gmt":"2020-11-05T20:11:12","guid":{"rendered":"http:\/\/ventedirecte.fermedesarnaud.com\/?post_type=product&#038;p=148"},"modified":"2022-10-20T11:31:18","modified_gmt":"2022-10-20T09:31:18","slug":"croquets-picodon","status":"publish","type":"product","link":"http:\/\/leshallesduvendredi.fermedesarnaud.com\/?product=croquets-picodon","title":{"rendered":"Croquets picodon"},"content":{"rendered":"<div id=\"short_description_block\" class=\"clear\">\n<div id=\"short_description_content\" class=\"rte align_justify\">sachet de 90g. Biscuits ap\u00e9ritifs bio fins et croquants avec des amandes enti\u00e8res et du picodon de Dieulefit AOP<\/div>\n<\/div>\n","protected":false},"excerpt":{"rendered":"<p>Ces petits biscuits bio croquants vous s\u00e9duiront \u00e0 l&rsquo;heure de l&rsquo;ap\u00e9ritif, ou dans une salade, avec leurs amandes enti\u00e8res et leurs saveurs ensoleill\u00e9es ! D\u00e9couvrez ces recettes originales aux bons ingr\u00e9dients 100% d&rsquo;origine naturelle et pour la plupart locaux\u2026<\/p>\n","protected":false},"featured_media":1333,"template":"","meta":[],"product_cat":[25],"product_tag":[],"_links":{"self":[{"href":"http:\/\/leshallesduvendredi.fermedesarnaud.com\/index.php?rest_route=\/wp\/v2\/product\/148"}],"collection":[{"href":"http:\/\/leshallesduvendredi.fermedesarnaud.com\/index.php?rest_route=\/wp\/v2\/product"}],"about":[{"href":"http:\/\/leshallesduvendredi.fermedesarnaud.com\/index.php?rest_route=\/wp\/v2\/types\/product"}],"wp:featuredmedia":[{"embeddable":true,"href":"http:\/\/leshallesduvendredi.fermedesarnaud.com\/index.php?rest_route=\/wp\/v2\/media\/1333"}],"wp:attachment":[{"href":"http:\/\/leshallesduvendredi.fermedesarnaud.com\/index.php?rest_route=%2Fwp%2Fv2%2Fmedia&parent=148"}],"wp:term":[{"taxonomy":"product_cat","embeddable":true,"href":"http:\/\/leshallesduvendredi.fermedesarnaud.com\/index.php?rest_route=%2Fwp%2Fv2%2Fproduct_cat&post=148"},{"taxonomy":"product_tag","embeddable":true,"href":"http:\/\/leshallesduvendredi.fermedesarnaud.com\/index.php?rest_route=%2Fwp%2Fv2%2Fproduct_tag&post=148"}],"curies":[{"name":"wp","href":"https:\/\/api.w.org\/{rel}","templated":true}]}}