{"id":150,"date":"2020-11-05T21:13:47","date_gmt":"2020-11-05T20:13:47","guid":{"rendered":"http:\/\/ventedirecte.fermedesarnaud.com\/?post_type=product&#038;p=150"},"modified":"2022-09-30T11:51:52","modified_gmt":"2022-09-30T09:51:52","slug":"craquantes-aux-amandes","status":"publish","type":"product","link":"http:\/\/leshallesduvendredi.fermedesarnaud.com\/?product=craquantes-aux-amandes","title":{"rendered":"Craquantes aux amandes"},"content":{"rendered":"<p>Sachet de 180g. Craquantes aux amandes bio d\u00e9licieusement gourmandes<\/p>\n","protected":false},"excerpt":{"rendered":"<p>De d\u00e9licieux biscuits croquants aux amandes en une version bio avec de la farine de petit \u00e9peautre Haute-Provence IGP. Les Craquantes bio aux amandes se d\u00e9gustent \u00e0 tout instant et en particulier au dessert, \u00e0 l&rsquo;heure du th\u00e9 ou du caf\u00e9, ou en accompagnement d&rsquo;un verre de Champagne !<\/p>\n","protected":false},"featured_media":278,"template":"","meta":[],"product_cat":[25],"product_tag":[],"_links":{"self":[{"href":"http:\/\/leshallesduvendredi.fermedesarnaud.com\/index.php?rest_route=\/wp\/v2\/product\/150"}],"collection":[{"href":"http:\/\/leshallesduvendredi.fermedesarnaud.com\/index.php?rest_route=\/wp\/v2\/product"}],"about":[{"href":"http:\/\/leshallesduvendredi.fermedesarnaud.com\/index.php?rest_route=\/wp\/v2\/types\/product"}],"wp:featuredmedia":[{"embeddable":true,"href":"http:\/\/leshallesduvendredi.fermedesarnaud.com\/index.php?rest_route=\/wp\/v2\/media\/278"}],"wp:attachment":[{"href":"http:\/\/leshallesduvendredi.fermedesarnaud.com\/index.php?rest_route=%2Fwp%2Fv2%2Fmedia&parent=150"}],"wp:term":[{"taxonomy":"product_cat","embeddable":true,"href":"http:\/\/leshallesduvendredi.fermedesarnaud.com\/index.php?rest_route=%2Fwp%2Fv2%2Fproduct_cat&post=150"},{"taxonomy":"product_tag","embeddable":true,"href":"http:\/\/leshallesduvendredi.fermedesarnaud.com\/index.php?rest_route=%2Fwp%2Fv2%2Fproduct_tag&post=150"}],"curies":[{"name":"wp","href":"https:\/\/api.w.org\/{rel}","templated":true}]}}