{"id":200,"date":"2020-11-05T23:18:31","date_gmt":"2020-11-05T22:18:31","guid":{"rendered":"http:\/\/ventedirecte.fermedesarnaud.com\/?post_type=product&#038;p=200"},"modified":"2022-12-12T13:25:44","modified_gmt":"2022-12-12T12:25:44","slug":"les-pates-torsades-boite-de-300g","status":"publish","type":"product","link":"http:\/\/leshallesduvendredi.fermedesarnaud.com\/?product=les-pates-torsades-boite-de-300g","title":{"rendered":"Les p\u00e2tes &#8211; Torsades boite de 300g"},"content":{"rendered":"","protected":false},"excerpt":{"rendered":"<p>P\u00e2tes au petit \u00e9peautre bio produit sur la ferme. Tr\u00e8s digeste, vous appr\u00e9cierez son go\u00fbt unique.<\/p>\n","protected":false},"featured_media":270,"template":"","meta":[],"product_cat":[20],"product_tag":[],"_links":{"self":[{"href":"http:\/\/leshallesduvendredi.fermedesarnaud.com\/index.php?rest_route=\/wp\/v2\/product\/200"}],"collection":[{"href":"http:\/\/leshallesduvendredi.fermedesarnaud.com\/index.php?rest_route=\/wp\/v2\/product"}],"about":[{"href":"http:\/\/leshallesduvendredi.fermedesarnaud.com\/index.php?rest_route=\/wp\/v2\/types\/product"}],"wp:featuredmedia":[{"embeddable":true,"href":"http:\/\/leshallesduvendredi.fermedesarnaud.com\/index.php?rest_route=\/wp\/v2\/media\/270"}],"wp:attachment":[{"href":"http:\/\/leshallesduvendredi.fermedesarnaud.com\/index.php?rest_route=%2Fwp%2Fv2%2Fmedia&parent=200"}],"wp:term":[{"taxonomy":"product_cat","embeddable":true,"href":"http:\/\/leshallesduvendredi.fermedesarnaud.com\/index.php?rest_route=%2Fwp%2Fv2%2Fproduct_cat&post=200"},{"taxonomy":"product_tag","embeddable":true,"href":"http:\/\/leshallesduvendredi.fermedesarnaud.com\/index.php?rest_route=%2Fwp%2Fv2%2Fproduct_tag&post=200"}],"curies":[{"name":"wp","href":"https:\/\/api.w.org\/{rel}","templated":true}]}}