{"id":33,"date":"2020-04-20T00:32:30","date_gmt":"2020-04-19T22:32:30","guid":{"rendered":"http:\/\/ventedirecte.fermedesarnaud.com\/?product=import-placeholder-for-1041"},"modified":"2022-05-05T08:17:32","modified_gmt":"2022-05-05T06:17:32","slug":"huile-dolive-aop-nyons","status":"publish","type":"product","link":"http:\/\/leshallesduvendredi.fermedesarnaud.com\/?product=huile-dolive-aop-nyons","title":{"rendered":"Huile d&rsquo;olive AOP Nyons"},"content":{"rendered":"<p>Conditionnement : 1x bouteille de 75cl<\/p>\n","protected":false},"excerpt":{"rendered":"<p>De vari\u00e9t\u00e9 tanche, cette huile d\u2019olive est la premi\u00e8re huile \u00e0 avoir obtenu une Appellation d\u2019Origine Contr\u00f4l\u00e9e en France. Elle puise tout son caract\u00e8re et son go\u00fbt unique dans sa vari\u00e9t\u00e9 et son terroir exceptionnel. Qualifi\u00e9e de fruit\u00e9 noir ou m\u00fbr, elle est tr\u00e8s longue en bouche. Vous retrouverez des go\u00fbts de noix, de noisette ou encore de truffe. C\u2019est une des huiles les moins acides du march\u00e9 (en g\u00e9n\u00e9ral en dessous de 0.80% d\u2019acide ol\u00e9ique).<\/p>\n","protected":false},"featured_media":1372,"template":"","meta":[],"product_cat":[19],"product_tag":[],"_links":{"self":[{"href":"http:\/\/leshallesduvendredi.fermedesarnaud.com\/index.php?rest_route=\/wp\/v2\/product\/33"}],"collection":[{"href":"http:\/\/leshallesduvendredi.fermedesarnaud.com\/index.php?rest_route=\/wp\/v2\/product"}],"about":[{"href":"http:\/\/leshallesduvendredi.fermedesarnaud.com\/index.php?rest_route=\/wp\/v2\/types\/product"}],"wp:featuredmedia":[{"embeddable":true,"href":"http:\/\/leshallesduvendredi.fermedesarnaud.com\/index.php?rest_route=\/wp\/v2\/media\/1372"}],"wp:attachment":[{"href":"http:\/\/leshallesduvendredi.fermedesarnaud.com\/index.php?rest_route=%2Fwp%2Fv2%2Fmedia&parent=33"}],"wp:term":[{"taxonomy":"product_cat","embeddable":true,"href":"http:\/\/leshallesduvendredi.fermedesarnaud.com\/index.php?rest_route=%2Fwp%2Fv2%2Fproduct_cat&post=33"},{"taxonomy":"product_tag","embeddable":true,"href":"http:\/\/leshallesduvendredi.fermedesarnaud.com\/index.php?rest_route=%2Fwp%2Fv2%2Fproduct_tag&post=33"}],"curies":[{"name":"wp","href":"https:\/\/api.w.org\/{rel}","templated":true}]}}