{"id":784,"date":"2020-12-17T21:52:20","date_gmt":"2020-12-17T20:52:20","guid":{"rendered":"https:\/\/leshallesduvendredi.fermedesarnaud.com\/?post_type=product&#038;p=784"},"modified":"2022-12-19T13:47:15","modified_gmt":"2022-12-19T12:47:15","slug":"le-plateau-de-fromage","status":"publish","type":"product","link":"http:\/\/leshallesduvendredi.fermedesarnaud.com\/?product=le-plateau-de-fromage","title":{"rendered":"Le plateau de fromage"},"content":{"rendered":"","protected":false},"excerpt":{"rendered":"<p>Variable selon les saisons :<\/p>\n<p>&#8211; Tomme ancienne, lait cru ch\u00e8vre, Provence.<br \/>\n&#8211; Picodon AOP, lait cru, l\u00e9ger cr\u00e9meux.<br \/>\n&#8211; Roquefort AOP caves Verni\u00e8res, lait cru, onctueux et bien \u00e9quilibr\u00e9<br \/>\n&#8211; Comt\u00e9 AOP \u00e9t\u00e9 2019, tr\u00e8s fruit\u00e9, l\u00e9g\u00e8rement croquant<br \/>\n&#8211; Cantale, entre-deux, Auvergne<\/p>\n","protected":false},"featured_media":866,"template":"","meta":[],"product_cat":[41],"product_tag":[],"_links":{"self":[{"href":"http:\/\/leshallesduvendredi.fermedesarnaud.com\/index.php?rest_route=\/wp\/v2\/product\/784"}],"collection":[{"href":"http:\/\/leshallesduvendredi.fermedesarnaud.com\/index.php?rest_route=\/wp\/v2\/product"}],"about":[{"href":"http:\/\/leshallesduvendredi.fermedesarnaud.com\/index.php?rest_route=\/wp\/v2\/types\/product"}],"wp:featuredmedia":[{"embeddable":true,"href":"http:\/\/leshallesduvendredi.fermedesarnaud.com\/index.php?rest_route=\/wp\/v2\/media\/866"}],"wp:attachment":[{"href":"http:\/\/leshallesduvendredi.fermedesarnaud.com\/index.php?rest_route=%2Fwp%2Fv2%2Fmedia&parent=784"}],"wp:term":[{"taxonomy":"product_cat","embeddable":true,"href":"http:\/\/leshallesduvendredi.fermedesarnaud.com\/index.php?rest_route=%2Fwp%2Fv2%2Fproduct_cat&post=784"},{"taxonomy":"product_tag","embeddable":true,"href":"http:\/\/leshallesduvendredi.fermedesarnaud.com\/index.php?rest_route=%2Fwp%2Fv2%2Fproduct_tag&post=784"}],"curies":[{"name":"wp","href":"https:\/\/api.w.org\/{rel}","templated":true}]}}