{"id":867,"date":"2021-01-05T11:55:20","date_gmt":"2021-01-05T10:55:20","guid":{"rendered":"https:\/\/leshallesduvendredi.fermedesarnaud.com\/?post_type=product&#038;p=867"},"modified":"2022-12-19T13:47:14","modified_gmt":"2022-12-19T12:47:14","slug":"pack-fromages-pour-fondue-savoyarde-rappee-pour-2-personnes","status":"publish","type":"product","link":"http:\/\/leshallesduvendredi.fermedesarnaud.com\/?product=pack-fromages-pour-fondue-savoyarde-rappee-pour-2-personnes","title":{"rendered":"Pack fromages pour fondue savoyarde rapp\u00e9e &#8211; Pour 2 personnes"},"content":{"rendered":"","protected":false},"excerpt":{"rendered":"<p>Sachet de 500gr de fromages d\u00e9j\u00e0 rapp\u00e9e pr\u00eat \u00e0 chauffer :<\/p>\n<p>&#8211; Comt\u00e9 \u00e9t\u00e9 2021<br \/>\n&#8211; Beaufort Alpage 2021<br \/>\n&#8211; Emmental de Savoie<\/p>\n","protected":false},"featured_media":868,"template":"","meta":[],"product_cat":[41],"product_tag":[],"_links":{"self":[{"href":"http:\/\/leshallesduvendredi.fermedesarnaud.com\/index.php?rest_route=\/wp\/v2\/product\/867"}],"collection":[{"href":"http:\/\/leshallesduvendredi.fermedesarnaud.com\/index.php?rest_route=\/wp\/v2\/product"}],"about":[{"href":"http:\/\/leshallesduvendredi.fermedesarnaud.com\/index.php?rest_route=\/wp\/v2\/types\/product"}],"wp:featuredmedia":[{"embeddable":true,"href":"http:\/\/leshallesduvendredi.fermedesarnaud.com\/index.php?rest_route=\/wp\/v2\/media\/868"}],"wp:attachment":[{"href":"http:\/\/leshallesduvendredi.fermedesarnaud.com\/index.php?rest_route=%2Fwp%2Fv2%2Fmedia&parent=867"}],"wp:term":[{"taxonomy":"product_cat","embeddable":true,"href":"http:\/\/leshallesduvendredi.fermedesarnaud.com\/index.php?rest_route=%2Fwp%2Fv2%2Fproduct_cat&post=867"},{"taxonomy":"product_tag","embeddable":true,"href":"http:\/\/leshallesduvendredi.fermedesarnaud.com\/index.php?rest_route=%2Fwp%2Fv2%2Fproduct_tag&post=867"}],"curies":[{"name":"wp","href":"https:\/\/api.w.org\/{rel}","templated":true}]}}