{"id":887,"date":"2021-01-09T11:09:30","date_gmt":"2021-01-09T10:09:30","guid":{"rendered":"https:\/\/leshallesduvendredi.fermedesarnaud.com\/?post_type=product&#038;p=887"},"modified":"2022-12-08T08:41:07","modified_gmt":"2022-12-08T07:41:07","slug":"amandes-enrobees-au-chocolat-sachet-de-250g","status":"publish","type":"product","link":"http:\/\/leshallesduvendredi.fermedesarnaud.com\/?product=amandes-enrobees-au-chocolat-sachet-de-250g","title":{"rendered":"Amandes enrob\u00e9es au chocolat &#8211; Sachet de 250g"},"content":{"rendered":"","protected":false},"excerpt":{"rendered":"<p>D\u00e9licieuses amandes de Provence enrob\u00e9es de bon chocolat au lait!250g de pure gourmandise!<\/p>\n","protected":false},"featured_media":884,"template":"","meta":[],"product_cat":[42],"product_tag":[],"_links":{"self":[{"href":"http:\/\/leshallesduvendredi.fermedesarnaud.com\/index.php?rest_route=\/wp\/v2\/product\/887"}],"collection":[{"href":"http:\/\/leshallesduvendredi.fermedesarnaud.com\/index.php?rest_route=\/wp\/v2\/product"}],"about":[{"href":"http:\/\/leshallesduvendredi.fermedesarnaud.com\/index.php?rest_route=\/wp\/v2\/types\/product"}],"wp:featuredmedia":[{"embeddable":true,"href":"http:\/\/leshallesduvendredi.fermedesarnaud.com\/index.php?rest_route=\/wp\/v2\/media\/884"}],"wp:attachment":[{"href":"http:\/\/leshallesduvendredi.fermedesarnaud.com\/index.php?rest_route=%2Fwp%2Fv2%2Fmedia&parent=887"}],"wp:term":[{"taxonomy":"product_cat","embeddable":true,"href":"http:\/\/leshallesduvendredi.fermedesarnaud.com\/index.php?rest_route=%2Fwp%2Fv2%2Fproduct_cat&post=887"},{"taxonomy":"product_tag","embeddable":true,"href":"http:\/\/leshallesduvendredi.fermedesarnaud.com\/index.php?rest_route=%2Fwp%2Fv2%2Fproduct_tag&post=887"}],"curies":[{"name":"wp","href":"https:\/\/api.w.org\/{rel}","templated":true}]}}