{"id":94,"date":"2020-11-04T23:49:19","date_gmt":"2020-11-04T22:49:19","guid":{"rendered":"http:\/\/ventedirecte.fermedesarnaud.com\/?post_type=product&#038;p=94"},"modified":"2022-12-20T21:31:47","modified_gmt":"2022-12-20T20:31:47","slug":"escargots","status":"publish","type":"product","link":"http:\/\/leshallesduvendredi.fermedesarnaud.com\/?product=escargots","title":{"rendered":"Escargots en croquilles \u00e0 la farce bourguignonne"},"content":{"rendered":"<p>Boite de 24 escargots en croquilles garnie \u00e0 la farce bourguignonnes<\/p>\n","protected":false},"excerpt":{"rendered":"<div id=\"product-description-short-338\" class=\"description-short\">\n<p>A d\u00e9guster \u00e0 l&rsquo;ap\u00e9ro, ou en entr\u00e9e avec une salade.<\/p>\n<p>Produits surgel\u00e9 uniquement; pr\u00e9voir un sac isotherme.<\/p>\n<\/div>\n<div class=\"add\"><\/div>\n","protected":false},"featured_media":117,"template":"","meta":[],"product_cat":[22],"product_tag":[],"_links":{"self":[{"href":"http:\/\/leshallesduvendredi.fermedesarnaud.com\/index.php?rest_route=\/wp\/v2\/product\/94"}],"collection":[{"href":"http:\/\/leshallesduvendredi.fermedesarnaud.com\/index.php?rest_route=\/wp\/v2\/product"}],"about":[{"href":"http:\/\/leshallesduvendredi.fermedesarnaud.com\/index.php?rest_route=\/wp\/v2\/types\/product"}],"wp:featuredmedia":[{"embeddable":true,"href":"http:\/\/leshallesduvendredi.fermedesarnaud.com\/index.php?rest_route=\/wp\/v2\/media\/117"}],"wp:attachment":[{"href":"http:\/\/leshallesduvendredi.fermedesarnaud.com\/index.php?rest_route=%2Fwp%2Fv2%2Fmedia&parent=94"}],"wp:term":[{"taxonomy":"product_cat","embeddable":true,"href":"http:\/\/leshallesduvendredi.fermedesarnaud.com\/index.php?rest_route=%2Fwp%2Fv2%2Fproduct_cat&post=94"},{"taxonomy":"product_tag","embeddable":true,"href":"http:\/\/leshallesduvendredi.fermedesarnaud.com\/index.php?rest_route=%2Fwp%2Fv2%2Fproduct_tag&post=94"}],"curies":[{"name":"wp","href":"https:\/\/api.w.org\/{rel}","templated":true}]}}