{"id":1676,"date":"2022-03-17T11:10:27","date_gmt":"2022-03-17T10:10:27","guid":{"rendered":"https:\/\/leshallesduvendredi.fermedesarnaud.com\/?page_id=1676"},"modified":"2022-03-17T11:14:37","modified_gmt":"2022-03-17T10:14:37","slug":"conditions-generales-de-ventes","status":"publish","type":"page","link":"https:\/\/leshallesduvendredi.fermedesarnaud.com\/?page_id=1676","title":{"rendered":"Conditions G\u00e9n\u00e9rales de Ventes"},"content":{"rendered":"\n<h2 id=\"validation-des-commandes\"><strong>VALIDATION DES COMMANDES<\/strong><\/h2>\n\n\n\n<ul><li>Les prix s\u2019entendent TTC.<\/li><li>Les commandes sont \u00e0 effectuer avant le jeudi 12h de la semaine en cours.<\/li><\/ul>\n\n\n\n<h2 id=\"reglement-des-commandes\"><strong>REGLEMENT DES COMMANDES<\/strong><\/h2>\n\n\n\n<ul><li>Le r\u00e8glement s\u2019effectue \u00e0 la commande uniquement par carte bancaire via notre prestataire de paiement Payplug.<\/li><li>Les producteurs participants se r\u00e9servent la propri\u00e9t\u00e9 des marchandises jusqu\u2019au paiement complet de la commande par l\u2019acheteur, conform\u00e9ment \u00e0 la loi n\u00b0 80 335 du 12 mai 1980.\u00a0<\/li><li>Les commandes n\u2019\u00e9tant prises en compte qu\u2019apr\u00e8s validation de leur r\u00e8glement, aucun escompte ou p\u00e9nalit\u00e9 de retard ne sont applicables.<\/li><\/ul>\n\n\n\n<h2 id=\"retrait-des-commandes\"><strong>RETRAIT DES COMMANDES<\/strong><\/h2>\n\n\n\n<ul><li>Votre commande sera disponible le vendredi suivant votre commande entre 14h et 18h.<\/li><li>Les commandes sont \u00e0 r\u00e9cup\u00e9rer au Domaine Ferme Des Arnaud 1001 Route de Roaix 84110 Villedieu.<\/li><li>Les frais de port s\u2019entendent pour la France m\u00e9tropolitaine. Contacter le domaine pour toute autre destination.\u00a0<\/li><\/ul>\n\n\n\n<p>Pour toute information, n\u2019h\u00e9sitez pas \u00e0 nous contacter par t\u00e9l\u00e9phone au 0490415647.<\/p>\n","protected":false},"excerpt":{"rendered":"<p>VALIDATION DES COMMANDES Les prix s\u2019entendent TTC. Les commandes sont \u00e0 effectuer avant le jeudi 12h de la semaine en cours. REGLEMENT DES COMMANDES Le r\u00e8glement s\u2019effectue \u00e0 la commande uniquement par carte bancaire via notre prestataire de paiement Payplug. Les producteurs participants se r\u00e9servent la propri\u00e9t\u00e9 des marchandises jusqu\u2019au paiement complet de la commande [&hellip;]<\/p>\n","protected":false},"author":1,"featured_media":0,"parent":0,"menu_order":0,"comment_status":"closed","ping_status":"closed","template":"","meta":[],"_links":{"self":[{"href":"https:\/\/leshallesduvendredi.fermedesarnaud.com\/index.php?rest_route=\/wp\/v2\/pages\/1676"}],"collection":[{"href":"https:\/\/leshallesduvendredi.fermedesarnaud.com\/index.php?rest_route=\/wp\/v2\/pages"}],"about":[{"href":"https:\/\/leshallesduvendredi.fermedesarnaud.com\/index.php?rest_route=\/wp\/v2\/types\/page"}],"author":[{"embeddable":true,"href":"https:\/\/leshallesduvendredi.fermedesarnaud.com\/index.php?rest_route=\/wp\/v2\/users\/1"}],"replies":[{"embeddable":true,"href":"https:\/\/leshallesduvendredi.fermedesarnaud.com\/index.php?rest_route=%2Fwp%2Fv2%2Fcomments&post=1676"}],"version-history":[{"count":1,"href":"https:\/\/leshallesduvendredi.fermedesarnaud.com\/index.php?rest_route=\/wp\/v2\/pages\/1676\/revisions"}],"predecessor-version":[{"id":1679,"href":"https:\/\/leshallesduvendredi.fermedesarnaud.com\/index.php?rest_route=\/wp\/v2\/pages\/1676\/revisions\/1679"}],"wp:attachment":[{"href":"https:\/\/leshallesduvendredi.fermedesarnaud.com\/index.php?rest_route=%2Fwp%2Fv2%2Fmedia&parent=1676"}],"curies":[{"name":"wp","href":"https:\/\/api.w.org\/{rel}","templated":true}]}}