{"id":1038,"date":"2021-03-15T08:18:29","date_gmt":"2021-03-15T07:18:29","guid":{"rendered":"https:\/\/leshallesduvendredi.fermedesarnaud.com\/?post_type=product&#038;p=1038"},"modified":"2022-11-03T07:50:07","modified_gmt":"2022-11-03T06:50:07","slug":"baronne-sauvage-30g","status":"publish","type":"product","link":"https:\/\/leshallesduvendredi.fermedesarnaud.com\/?product=baronne-sauvage-30g","title":{"rendered":"Infusion Baronne Sauvage 30g"},"content":{"rendered":"","protected":false},"excerpt":{"rendered":"<p>Poids net : 30g<\/p>\n<p><strong>Le soleil de la Provence, la force des montagnes<\/strong>.<\/p>\n<p>La Baronne sauvage allie <strong>quatre aromatiques typiques de la Provence ainsi que le bleuet \u00e0 l&rsquo;esth\u00e9tique parfaite<\/strong>, symbole de la flore des moissons encore si riche sur le territoire du Parc Naturel R\u00e9gional.<\/p>\n<p><em><strong>Trucs et astuces de Perdicus<\/strong> :<\/em> une bonne cuill\u00e8re \u00e0 soupe par tasse d&rsquo;eau fr\u00e9missante, en infusion 5 \u00e0 10 min.<\/p>\n<p>&nbsp;<\/p>\n","protected":false},"featured_media":1039,"template":"","meta":[],"product_cat":[33],"product_tag":[],"_links":{"self":[{"href":"https:\/\/leshallesduvendredi.fermedesarnaud.com\/index.php?rest_route=\/wp\/v2\/product\/1038"}],"collection":[{"href":"https:\/\/leshallesduvendredi.fermedesarnaud.com\/index.php?rest_route=\/wp\/v2\/product"}],"about":[{"href":"https:\/\/leshallesduvendredi.fermedesarnaud.com\/index.php?rest_route=\/wp\/v2\/types\/product"}],"wp:featuredmedia":[{"embeddable":true,"href":"https:\/\/leshallesduvendredi.fermedesarnaud.com\/index.php?rest_route=\/wp\/v2\/media\/1039"}],"wp:attachment":[{"href":"https:\/\/leshallesduvendredi.fermedesarnaud.com\/index.php?rest_route=%2Fwp%2Fv2%2Fmedia&parent=1038"}],"wp:term":[{"taxonomy":"product_cat","embeddable":true,"href":"https:\/\/leshallesduvendredi.fermedesarnaud.com\/index.php?rest_route=%2Fwp%2Fv2%2Fproduct_cat&post=1038"},{"taxonomy":"product_tag","embeddable":true,"href":"https:\/\/leshallesduvendredi.fermedesarnaud.com\/index.php?rest_route=%2Fwp%2Fv2%2Fproduct_tag&post=1038"}],"curies":[{"name":"wp","href":"https:\/\/api.w.org\/{rel}","templated":true}]}}