{"id":112,"date":"2020-11-05T00:16:46","date_gmt":"2020-11-04T23:16:46","guid":{"rendered":"http:\/\/ventedirecte.fermedesarnaud.com\/?post_type=product&#038;p=112"},"modified":"2022-03-19T18:28:20","modified_gmt":"2022-03-19T17:28:20","slug":"escargots-au-court-bouillon","status":"publish","type":"product","link":"https:\/\/leshallesduvendredi.fermedesarnaud.com\/?product=escargots-au-court-bouillon","title":{"rendered":"Escargots au Court Bouillon"},"content":{"rendered":"<p>Pot de 120 grammes<\/p>\n","protected":false},"excerpt":{"rendered":"<p>Escargots au Court Bouillon<\/p>\n<p>Id\u00e9al pour vos pr\u00e9parations d&rsquo;escargots, \u00e0 utiliser en coquilles, en cassolettes, en tourtes en accommodant nos escargots \u00e0 vos propres sauces ! R\u00e9sultat culinaire GARANTIE !<\/p>\n<p>Suggestion : \u00c9tonnez vos amis en proposant des brochettes d&rsquo;escargots&#8230;<\/p>\n","protected":false},"featured_media":116,"template":"","meta":[],"product_cat":[22],"product_tag":[],"_links":{"self":[{"href":"https:\/\/leshallesduvendredi.fermedesarnaud.com\/index.php?rest_route=\/wp\/v2\/product\/112"}],"collection":[{"href":"https:\/\/leshallesduvendredi.fermedesarnaud.com\/index.php?rest_route=\/wp\/v2\/product"}],"about":[{"href":"https:\/\/leshallesduvendredi.fermedesarnaud.com\/index.php?rest_route=\/wp\/v2\/types\/product"}],"wp:featuredmedia":[{"embeddable":true,"href":"https:\/\/leshallesduvendredi.fermedesarnaud.com\/index.php?rest_route=\/wp\/v2\/media\/116"}],"wp:attachment":[{"href":"https:\/\/leshallesduvendredi.fermedesarnaud.com\/index.php?rest_route=%2Fwp%2Fv2%2Fmedia&parent=112"}],"wp:term":[{"taxonomy":"product_cat","embeddable":true,"href":"https:\/\/leshallesduvendredi.fermedesarnaud.com\/index.php?rest_route=%2Fwp%2Fv2%2Fproduct_cat&post=112"},{"taxonomy":"product_tag","embeddable":true,"href":"https:\/\/leshallesduvendredi.fermedesarnaud.com\/index.php?rest_route=%2Fwp%2Fv2%2Fproduct_tag&post=112"}],"curies":[{"name":"wp","href":"https:\/\/api.w.org\/{rel}","templated":true}]}}