{"id":197,"date":"2020-11-05T23:17:28","date_gmt":"2020-11-05T22:17:28","guid":{"rendered":"http:\/\/ventedirecte.fermedesarnaud.com\/?post_type=product&#038;p=197"},"modified":"2022-12-12T13:25:44","modified_gmt":"2022-12-12T12:25:44","slug":"les-pates-rigatoni-boite-de-500g","status":"publish","type":"product","link":"https:\/\/leshallesduvendredi.fermedesarnaud.com\/?product=les-pates-rigatoni-boite-de-500g","title":{"rendered":"Les p\u00e2tes &#8211; Rigatoni boite de 500g"},"content":{"rendered":"","protected":false},"excerpt":{"rendered":"<p>P\u00e2tes au petit \u00e9peautre bio produit sur la ferme. Tr\u00e8s digeste, vous appr\u00e9cierez son go\u00fbt unique.<\/p>\n","protected":false},"featured_media":271,"template":"","meta":[],"product_cat":[20],"product_tag":[],"_links":{"self":[{"href":"https:\/\/leshallesduvendredi.fermedesarnaud.com\/index.php?rest_route=\/wp\/v2\/product\/197"}],"collection":[{"href":"https:\/\/leshallesduvendredi.fermedesarnaud.com\/index.php?rest_route=\/wp\/v2\/product"}],"about":[{"href":"https:\/\/leshallesduvendredi.fermedesarnaud.com\/index.php?rest_route=\/wp\/v2\/types\/product"}],"wp:featuredmedia":[{"embeddable":true,"href":"https:\/\/leshallesduvendredi.fermedesarnaud.com\/index.php?rest_route=\/wp\/v2\/media\/271"}],"wp:attachment":[{"href":"https:\/\/leshallesduvendredi.fermedesarnaud.com\/index.php?rest_route=%2Fwp%2Fv2%2Fmedia&parent=197"}],"wp:term":[{"taxonomy":"product_cat","embeddable":true,"href":"https:\/\/leshallesduvendredi.fermedesarnaud.com\/index.php?rest_route=%2Fwp%2Fv2%2Fproduct_cat&post=197"},{"taxonomy":"product_tag","embeddable":true,"href":"https:\/\/leshallesduvendredi.fermedesarnaud.com\/index.php?rest_route=%2Fwp%2Fv2%2Fproduct_tag&post=197"}],"curies":[{"name":"wp","href":"https:\/\/api.w.org\/{rel}","templated":true}]}}