{"id":458,"date":"2020-11-16T22:05:51","date_gmt":"2020-11-16T21:05:51","guid":{"rendered":"https:\/\/leshallesduvendredi.fermedesarnaud.com\/?post_type=product&#038;p=458"},"modified":"2022-11-03T07:45:42","modified_gmt":"2022-11-03T06:45:42","slug":"the-des-ancetres-30g","status":"publish","type":"product","link":"https:\/\/leshallesduvendredi.fermedesarnaud.com\/?product=the-des-ancetres-30g","title":{"rendered":"Th\u00e9 des anc\u00eatres 30g"},"content":{"rendered":"","protected":false},"excerpt":{"rendered":"<p>Poids net : 30g<\/p>\n<p>Directement inspir\u00e9 d&rsquo;un <strong>savoureuse association florale<\/strong> rencontr\u00e9e en Cr\u00eate, le Th\u00e9 des Anc\u00eatres est une infusion compos\u00e9e de Th\u00e9 des Montagnes, de Verveine citronnelle, de Tilleul des Baronnies et de Calendula officinal. Sans th\u00e9ine et riche en antioxydants pour prot\u00e9ger le corps du viellissement.<\/p>\n<p><strong>Trucs et astuces de Perdicus :<\/strong> une bonne cuill\u00e8re \u00e0 soupe par tasse d&rsquo;eau fr\u00e9missante, en infusion 5 \u00e0 10 min.<\/p>\n","protected":false},"featured_media":461,"template":"","meta":[],"product_cat":[33],"product_tag":[],"_links":{"self":[{"href":"https:\/\/leshallesduvendredi.fermedesarnaud.com\/index.php?rest_route=\/wp\/v2\/product\/458"}],"collection":[{"href":"https:\/\/leshallesduvendredi.fermedesarnaud.com\/index.php?rest_route=\/wp\/v2\/product"}],"about":[{"href":"https:\/\/leshallesduvendredi.fermedesarnaud.com\/index.php?rest_route=\/wp\/v2\/types\/product"}],"wp:featuredmedia":[{"embeddable":true,"href":"https:\/\/leshallesduvendredi.fermedesarnaud.com\/index.php?rest_route=\/wp\/v2\/media\/461"}],"wp:attachment":[{"href":"https:\/\/leshallesduvendredi.fermedesarnaud.com\/index.php?rest_route=%2Fwp%2Fv2%2Fmedia&parent=458"}],"wp:term":[{"taxonomy":"product_cat","embeddable":true,"href":"https:\/\/leshallesduvendredi.fermedesarnaud.com\/index.php?rest_route=%2Fwp%2Fv2%2Fproduct_cat&post=458"},{"taxonomy":"product_tag","embeddable":true,"href":"https:\/\/leshallesduvendredi.fermedesarnaud.com\/index.php?rest_route=%2Fwp%2Fv2%2Fproduct_tag&post=458"}],"curies":[{"name":"wp","href":"https:\/\/api.w.org\/{rel}","templated":true}]}}